{"id":24057,"date":"2021-11-04T19:02:36","date_gmt":"2021-11-04T17:02:36","guid":{"rendered":"https:\/\/ohueno-official.com\/privacy-policy\/"},"modified":"2021-11-04T19:02:36","modified_gmt":"2021-11-04T17:02:36","slug":"privacy-policy","status":"publish","type":"page","link":"https:\/\/ohueno-official.com\/de\/privacy-policy\/","title":{"rendered":"Datenschutz"},"content":{"rendered":"<p><b>Allgemeine Bestimmungen<\/b><\/p>\n<p><span style=\"font-weight: 400;\">Die Datenverwaltung <\/span><a href=\"https:\/\/ohueno-official.com\/\"><span style=\"font-weight: 400;\">https:\/\/ohueno-official.com\/<\/span><\/a><span style=\"font-weight: 400;\"> (nachfolgend die Webseite genannt) erfolgt bei dem Einzelunternehmer Bezhan Yurii Yuriiovych (Steuer-ID 3058514899), der gem\u00e4\u00df den Anforderungen der Gesetzgebung der Ukraine registriert ist und funktioniert (nachfolgend die Firma genannt). Die Firma respektiert die vertraulichen (pers\u00f6nlichen) Informationen aller Personen, die die Webseite besucht haben, sowie diejenigen, die die von der Webseite bereitgestellten Dienste nutzen; daher ist die Firma bestrebt, die Vertraulichkeit personenbezogener Daten (Informationen oder Gesamtinformationen \u00fcber eine nat\u00fcrliche Person, die identifiziert oder spezifisch identifiziert werden kann) zu sch\u00fctzen, wodurch die besten Bedingungen f\u00fcr die Nutzung der Webseite-Dienste f\u00fcr jeden Benutzer geschaffen und sichergestellt werden.<\/span><\/p>\n<p><span style=\"font-weight: 400;\">Die Datenschutzrichtlinie (nachfolgend die Richtlinie genannt) legt fest, wie die Firma personenbezogene Daten verarbeitet, welche Arten von personenbezogenen Daten erhoben werden, welchen Zweck sie hat, solche personenbezogenen Daten zu verwenden, wie die Firma mit Dritten zusammenarbeitet, Sicherheitsma\u00dfnahmen zum Schutz personenbezogener Daten, Bedingungen f\u00fcr den Zugriff auf personenbezogene Daten und Kontaktinformationen f\u00fcr den Benutzer bez\u00fcglich des Zugriffs, der \u00c4nderung, der Sperrung oder der L\u00f6schung seiner personenbezogenen Daten und des Umgangs mit allen Fragen, die Sie bez\u00fcglich der Praxis zum Schutz personenbezogener Daten haben.\u00a0<\/span><\/p>\n<p>&nbsp;<\/p>\n<p><b>Zusammenfassung und Nutzung personenbezogener Daten<\/b><\/p>\n<p><span style=\"font-weight: 400;\">Der Inhaber und Verwalter der personenbezogenen Daten der Nutzer der Webseite ist ein Einzelunternehmer Bezhan Yurii Yuriiovych.<\/span><\/p>\n<p><span style=\"font-weight: 400;\">Bei der Nutzung der Dienste der Webseite durch den Benutzer verarbeitet di Firma die Benutzerdaten, n\u00e4mlich: &#8211; die Daten, die der Benutzer beim Ausf\u00fcllen der Anmeldeformulare und bei der Nutzung der Dienste bereitstellt; &#8211; Cookies; &#8211; IP-Adressen; &#8211; Parameter und Einstellungen von Internetbrowsern (User &#8211; agent). Die Firma sammelt nur personenbezogene Daten (z. B. Name, Login und Passwort, E-Mail-Adresse, Telefonnummer, Geburtsdatum, Geschlecht usw.), die Sie wissentlich und freiwillig zur Nutzung der Dienste der Webseite zur Verf\u00fcgung gestellt haben, was die Zustimmung der betroffene Person zur Verarbeitung ihrer personenbezogenen Daten gem\u00e4\u00df dem in dieser Richtlinie festgelegten Zweck der Verarbeitung dieser Daten darstellt.\u00a0<\/span><\/p>\n<p><span style=\"font-weight: 400;\">W\u00e4hrend des Besuchs der Webseite werden alle Anmeldungen erfasst. Andere Benutzerdatenverkehrsinformationen werden nicht verarbeitet oder gespeichert.\u00a0<\/span><\/p>\n<p><span style=\"font-weight: 400;\">Bitte beachten Sie: die Firma beschr\u00e4nkt sich auf die Erfassung der minimalen Menge an Informationen, die f\u00fcr die Erf\u00fcllung der Anfrage der betroffenen Person erforderlich sind. In jedem Fall wird der Benutzer, wenn nicht obligatorische Informationen angefordert werden, zum Zeitpunkt der Erfassung dieser Informationen benachrichtigt. Die Firma sammelt keine Informationen, deren Verarbeitung durch das Gesetz bestimmte Anforderungen erf\u00fcllt, wie Informationen \u00fcber rassische oder ethnische Herkunft, politische, religi\u00f6se oder weltanschauliche \u00dcberzeugungen, Mitgliedschaft in politischen Parteien und Berufsverb\u00e4nden, Verurteilungen zur Straftat oder Verurteilung zur Straftat sowie Daten \u00fcber Gesundheit, Sexualleben, biometrische oder genetische Daten (Artikel 7 Gesetz \u00fcber den Schutz personenbezogener Daten der Ukraine).<\/span> <span style=\"font-weight: 400;\">Die Firma sammelt die Daten \u00fcber Besuchsstatistiken der Webseite. Die Informationen k\u00f6nnen die Informationen \u00fcber Verbindungen, Datenverkehr, den Browser des Benutzers sowie \u00fcber das Datum, die Uhrzeit, die Dauer der Nutzung des Internets und den Standort enthalten.\u00a0<\/span><\/p>\n<p><b>Verwendung von Cookies<\/b><\/p>\n<p><span style=\"font-weight: 400;\">Cookie ist eine Textdatei oder eine Datei, die eine kleine Menge an Informationen enth\u00e4lt, die an den Webbrowser gesendet und auf dem Ger\u00e4t des Benutzers gespeichert werden. Zu welchen Ger\u00e4ten kann ein Computer, ein Mobiltelefon oder ein anderes Ger\u00e4t geh\u00f6ren, mit dem ein Benutzer die Webseite besucht. Cookies k\u00f6nnen dauerhaft sein (sie werden als permanente Cookies bezeichnet) und auf dem Computer gespeichert werden, bis der Benutzer sie l\u00f6scht, oder tempor\u00e4r (diese Cookies werden als Session-Cookies bezeichnet), d. h. sie werden nur gespeichert, bis der Browser geschlossen wird. Au\u00dferdem Cookies sind als allgemeine Dateien eingestuft (sie werden direkt durch besuchte Webseite festgestellt) und fremde Dateien (sie werden durch anderen Webseite festgestellt).\u00a0<\/span><\/p>\n<p><span style=\"font-weight: 400;\">Wichtiger Hinweis:<\/span><\/p>\n<ul>\n<li><span style=\"font-weight: 400;\"> wenn der Benutzer die Webseite erneut besucht, werden die Cookie-Daten aktualisiert;<\/span><\/li>\n<li><span style=\"font-weight: 400;\"> in den meisten F\u00e4llen erm\u00f6glicht der Standard-Webbrowser das automatische Speichern von Cookies auf dem Ger\u00e4t des Benutzers;<\/span><\/li>\n<li><span style=\"font-weight: 400;\"> die Deaktivierung von Cookies kann den Zugriff auf die ver\u00f6ffentlichten Inhalte einschr\u00e4nken und\/oder die Funktionsweise der Dienste der Webseite beeintr\u00e4chtigen.\u00a0<\/span><\/li>\n<\/ul>\n<p><span style=\"font-weight: 400;\">Die Firma k\u00fcmmert sich um ihre Benutzer und versucht, den Aufenthalt auf der Website so angenehm wie m\u00f6glich zu gestalten, und dazu muss die Firma das Verhalten, die Vorlieben und Interessen des Benutzers mit Hilfe von Cookies analysieren. Diese Analyse wird der Firma helfen, die Erfahrung der Interaktion mit der Webseite zu verbessern, die bequemste Schnittstelle und die Navigation des Dienstes zu bestimmen. Gem\u00e4\u00df der Klassifizierung der Internationalen Handelskammer (International Chamber of Commerce) verwendet die Firma folgende Kategorien von Cookies:<\/span><\/p>\n<p><span style=\"font-weight: 400;\">Unbedingt erforderliche Cookies werden ben\u00f6tigt, um durch den Benutzer auf der Webseite zu navigieren und bestimmte Dienste zu nutzen, z. B. um auf gesch\u00fctzte Seiten zuzugreifen, sich zu einloggen und zu autorisieren, die Webseite zu durchsuchen.\u00a0<\/span><\/p>\n<p><span style=\"font-weight: 400;\">Sie speichern auch die vorherigen Aktionen des Benutzers, wenn Sie in derselben Sitzung zur vorherigen Seite wechseln. Betriebs-Cookies aggregieren die Informationen dar\u00fcber, wie die Webseite genutzt wird. Diese Daten werden zwischen Browsersitzungen auf dem Ger\u00e4t des Benutzers gespeichert. Beispiele f\u00fcr solche Daten k\u00f6nnen die folgenden Metriken sein: Verweildauer auf der Webseite, am h\u00e4ufigsten besuchte Seiten, Verst\u00e4ndnis, welche Bereiche und Dienste der Webseite f\u00fcr den Benutzer am interessantesten waren, wie effektiv eine bestimmte Werbe- und\/oder Marketingkampagne war usw. Alle Informationen, die mithilfe von operativen Cookies gesammelt werden, sind f\u00fcr statistische und analytische Zwecke bestimmt. Einige dieser Cookies k\u00f6nnen an Dritte weitergegeben werden, die von der Webseite autorisiert wurden, und zwar ausschlie\u00dflich zu den oben genannten Zwecken.<\/span><\/p>\n<p><span style=\"font-weight: 400;\">Funktionale Cookies werden verwendet, um die Einstellungen oder Konfigurationen zu speichern, die zwischen Webbrowsersitzungen auf dem Ger\u00e4t des Benutzers gespeichert sind. Beispiele f\u00fcr diese Daten sind die folgenden Metriken: Tracking von empfohlenem Text-, Grafik-, Audio- und Videomaterial, um eine erneute Anzeige zu vermeiden, die Verwaltung von zielgerichteten Anzeigen, die Bewertung der Effektivit\u00e4t von Werbekampagnen, die Informationen \u00fcber den Besuch anderer Ressourcen w\u00e4hrend der Navigation durch den Benutzer und andere Anpassungsoptionen f\u00fcr die Webseite.<\/span><\/p>\n<p><span style=\"font-weight: 400;\">Nachverfolgungsdateien (Tracking-Dateien) von Drittanbietern und Analyseservices: zur schnellen Lieferung, besseren Anzeige und detaillierten Analyse von Inhalten auf der Webseite nutzt die Firma die Dienste, die das Eigentum anderer Dritter sind, wie Facebook, Instagram, Alphabet Inc., Google und andere.\u00a0<\/span><\/p>\n<p><span style=\"font-weight: 400;\">Als Beispiel angef\u00fchrte Firmaen k\u00f6nnen Cookies auf dem Ger\u00e4t des Benutzers verwenden, w\u00e4hrend sie auf der Webseite arbeiten. Bitte beachten Sie, dass die Webseite keine Auswirkungen auf die von diesen Diensten verwendeten Cookies haben kann.\u00a0<\/span><\/p>\n<p><span style=\"font-weight: 400;\">Sie k\u00f6nnen alle erforderlichen Informationen zu ihrer Verwendung finden, indem Sie die entsprechende Ressource besuchen:\u00a0<\/span><\/p>\n<p><span style=\"font-weight: 400;\">&#8211; Nutzungsbedingungen von Google Analytics &#8211; http:\/\/www.google.com\/analytics\/terms\/ru.html<\/span><\/p>\n<p><span style=\"font-weight: 400;\">Cookies verwalten: die wichtigsten Webbrowser (unten genannt) sind so konfiguriert, dass Cookies automatisch akzeptiert werden. Um sie zu deaktivieren, verwenden Sie die Hilfefunktion in Ihrem Browser.<\/span><\/p>\n<p><span style=\"font-weight: 400;\">Microsoft Edge &#8211; https:\/\/privacy.microsoft.com\/ru-ru\/privacystatement\u00a0<\/span><\/p>\n<p><span style=\"font-weight: 400;\">Mozilla Firefox &#8211; https:\/\/www.mozilla.org\/ru\/privacy\/Webseites\/#cookies\u00a0<\/span><\/p>\n<p><span style=\"font-weight: 400;\">Google\u00a0<\/span><\/p>\n<p><span style=\"font-weight: 400;\">Chrome &#8211; https:\/\/support.google. com\/chrome\/answer\/95647?hl=ua\u00a0<\/span><\/p>\n<p><span style=\"font-weight: 400;\">Opera \u2014 http:\/\/help.opera.com\/Windows\/11.50\/ua\/cookies.html\u00a0<\/span><\/p>\n<p><span style=\"font-weight: 400;\">Safari for macOS \u2014 https:\/\/support.apple.com\/kb\/PH21411? locale=en_US<\/span><\/p>\n<p><span style=\"font-weight: 400;\">Wichtiger Hinweis:<\/span><\/p>\n<p><span style=\"font-weight: 400;\">* die Konfiguration von Cookie-Einstellungen f\u00fcr mobile Webbrowser kann sich unterscheiden;<\/span><\/p>\n<p><span style=\"font-weight: 400;\">Bitte beachten Sie, dass die vollst\u00e4ndige Nutzung der Webseite nur bei der Verwendung von Cookies m\u00f6glich ist;\u00a0<\/span><\/p>\n<p><span style=\"font-weight: 400;\">* die Deaktivierung von Cookies kann den Zugriff auf die Inhalte und die Funktionsweise der Dienste der Webseite einschr\u00e4nken.<\/span><\/p>\n<p><span style=\"font-weight: 400;\">Um Cookie-Firma zu kontaktieren, senden Sie bitte eine E-Mail an: <\/span><span style=\"font-weight: 400;\">hi@ohueno.com<\/span><span style=\"font-weight: 400;\">. Wenn der Benutzer die Verwendung von Cookies nicht aktiviert oder alle Cookies ausdr\u00fccklich von seinem Webbrowser entfernt, wird der Benutzer bei einem sp\u00e4teren Besuch der Webseite erneut aufgefordert, Cookies zu aktivieren und zu verwenden. Die durch Cookies gesammelten Benutzerinformationen werden nicht \u00f6ffentlich verkauft oder weitergegeben und sind das Eigentum der Firma, zu dem die Ressource geh\u00f6rt.\u00a0<\/span><\/p>\n<p>&nbsp;<\/p>\n<p><b>Sicherheit f\u00fcr Minderj\u00e4hrige<\/b><\/p>\n<p><span style=\"font-weight: 400;\">Die Webseite ist nicht f\u00fcr minderj\u00e4hrige Benutzer bestimmt. Die Firma nimmt die Sicherheitsfragen sehr ernst, insbesondere bei den nicht vollj\u00e4hrigen Personen, und deshalb bittet die Firma die Eltern, ihren Kindern die Sicherheit im Internet, ihren spezifischen Zweck und die Notwendigkeit, bestimmte Dienste der Webseite zu nutzen, zu erkl\u00e4ren.<\/span><\/p>\n<p>&nbsp;<\/p>\n<p><b>Personendatenschutz<\/b><\/p>\n<p><span style=\"font-weight: 400;\">Die Firma verwendet allgemein anerkannte Standards f\u00fcr den technologischen und operativen Schutz von Informationen und pers\u00f6nlichen Daten vor Verlust, Missbrauch, Ver\u00e4nderung oder Zerst\u00f6rung. Trotz aller Bem\u00fchungen kann die Firma jedoch keine absolute Sicherheit vor Bedrohungen garantieren, die au\u00dferhalb der Regulierung der Firma auftreten.\u00a0<\/span><\/p>\n<p><span style=\"font-weight: 400;\">Die Firma gew\u00e4hrleistet, dass alle einschl\u00e4gigen Datenschutzverpflichtungen sowie technische und organisatorische Sicherheitsma\u00dfnahmen angewendet werden, um die unbefugte oder rechtswidrige Weitergabe oder Verarbeitung solcher Informationen und Daten, den versehentlichen Verlust, die Zerst\u00f6rung oder die Besch\u00e4digung dieser Daten zu verhindern.\u00a0<\/span><\/p>\n<p><span style=\"font-weight: 400;\">Die Firma gew\u00e4hrt nur autorisierten Mitarbeitern, die der Vertraulichkeit solcher Informationen und Daten gem\u00e4\u00df den Anforderungen des Unternehmens zugestimmt haben, Zugang zu Informationen und personenbezogenen Daten. Die Weitergabe personenbezogener Daten ohne Zustimmung der betroffenen Person oder einer von ihr bevollm\u00e4chtigten Person ist in den gesetzlich festgelegten F\u00e4llen und nur (falls erforderlich) zugunsten der nationalen Sicherheit, des wirtschaftlichen Wohlergehens und der Menschenrechte zul\u00e4ssig.\u00a0<\/span><\/p>\n<p><span style=\"font-weight: 400;\">Die Rechte betroffener Person<\/span><\/p>\n<p><span style=\"font-weight: 400;\">Die Firma informiert Sie \u00fcber Ihre Rechte als betroffene Person, die durch das Gesetz \u00fcber den Schutz personenbezogener Daten der Ukraine geregelt sind, n\u00e4mlich:<\/span><\/p>\n<p><span style=\"font-weight: 400;\">1) die Quellen der Sammlung, den Aufenthaltsort ihrer personenbezogenen Daten, den Zweck ihrer Verarbeitung, den Aufenthaltsort oder den Wohnort des Eigent\u00fcmers oder Verwalters der personenbezogenen Daten kennen oder einen entsprechenden Auftrag erteilen, diese Informationen an autorisierte Personen zu erhalten, au\u00dfer den F\u00e4llen, die durch Gesetz vorgeschriebenen sind;<\/span><\/p>\n<p><span style=\"font-weight: 400;\">2) die Informationen \u00fcber die Bedingungen f\u00fcr den Zugriff auf personenbezogene Daten erhalten, insbesondere Informationen \u00fcber Dritte, an die personenbezogene Daten \u00fcbermittelt werden;<\/span><\/p>\n<p><span style=\"font-weight: 400;\">3) Zugriff zu Ihren pers\u00f6nlichen Daten;<\/span><\/p>\n<p><span style=\"font-weight: 400;\">4) mindestens drei\u00dfig Kalendertage ab dem Datum des Eingangs der Anfrage zu erhalten, sofern dies nicht gesetzlich vorgeschrieben ist, eine Antwort dar\u00fcber zu erhalten, ob personenbezogene Daten verarbeitet werden oder nicht, und den Inhalt solcher personenbezogenen Daten zu erhalten;<\/span><\/p>\n<p><span style=\"font-weight: 400;\">5) eine motivierte Forderung an den Inhaber personenbezogener Daten mit Einspruch gegen die Verarbeitung seiner personenbezogenen Daten geltend zu machen;<\/span><\/p>\n<p><span style=\"font-weight: 400;\">6) einen motivierten Anspruch auf die \u00c4nderung oder Vernichtung ihrer personenbezogenen Daten durch einen Eigent\u00fcmer und Verwalter personenbezogener Daten geltend machen, wenn diese Daten illegal verarbeitet werden oder unzuverl\u00e4ssig sind;<\/span><\/p>\n<p><span style=\"font-weight: 400;\">7) zum Schutz Ihrer personenbezogenen Daten vor unrechtm\u00e4\u00dfiger Verarbeitung und versehentlichem Verlust, Vernichtung, Sch\u00e4den in Zusammenhang mit absichtlicher Verheimlichung, das Versagen oder unzeitgem\u00e4\u00df Ihrer Erbringung, sowie auf den Schutz von Informationen bereitstellen, die irref\u00fchrend sind oder eine Schande f\u00fcr die Ehre, w\u00fcrde und den gesch\u00e4ftlichen Ruf einer nat\u00fcrlichen Person;<\/span><\/p>\n<p><span style=\"font-weight: 400;\">8) Beschwerden \u00fcber die Verarbeitung ihrer personenbezogenen Daten an den Menschenrechtsbeauftragten von Werchowna Rada der Ukraine oder vor dem Gericht einzureichen;<\/span><\/p>\n<p><span style=\"font-weight: 400;\">9) Rechtsmittel bei Verst\u00f6\u00dfen gegen die Gesetze zum Schutz personenbezogener Daten anzuwenden;<\/span><\/p>\n<p><span style=\"font-weight: 400;\">10) Vorbehalte zur Einschr\u00e4nkung des Rechts auf die Verarbeitung eigener personenbezogenen Daten durch Einwilligung vorzunehmen;<\/span><\/p>\n<p><span style=\"font-weight: 400;\">11) Einwilligung zur Verarbeitung personenbezogener Daten zu widerrufen;<\/span><\/p>\n<p><span style=\"font-weight: 400;\">12) den Mechanismus der automatischen Verarbeitung personenbezogener Daten zu kennen;<\/span><\/p>\n<p><span style=\"font-weight: 400;\">13) zum Schutz vor einer automatisierten L\u00f6sung mit rechtlichen Konsequenzen.\u00a0<\/span><\/p>\n<p><span style=\"font-weight: 400;\">Zur Aktualisierung, Erhalt des Zugriffes, \u00c4nderung, Sperrung oder L\u00f6schung Ihrer personenbezogenen Daten, Widerruf der Einwilligung zur Verarbeitung personenbezogener Daten, was Ihnen bei der Firma gew\u00e4hrt ist, gem\u00e4\u00df dieser Richtlinie oder im Falle von Anmerkungen, Anfragen oder Beschwerden bez\u00fcglich Ihrer personenbezogenen Daten, die die der Firma verarbeitet werden, wenden Sie sich bitte an die Firma per E-Mail <\/span><span style=\"font-weight: 400;\">hi@ohueno.com<\/span><span style=\"font-weight: 400;\">. <\/span><\/p>\n","protected":false},"excerpt":{"rendered":"<p>Allgemeine Bestimmungen Die Datenverwaltung https:\/\/ohueno-official.com\/ (nachfolgend die Webseite genannt) erfolgt bei dem Einzelunternehmer Bezhan Yurii Yuriiovych (Steuer-ID 3058514899), der gem\u00e4\u00df den Anforderungen der Gesetzgebung der Ukraine registriert ist und funktioniert (nachfolgend die Firma genannt). Die Firma respektiert die vertraulichen (pers\u00f6nlichen) Informationen aller Personen, die die Webseite besucht haben, sowie diejenigen, die die von der Webseite [&hellip;]<\/p>\n","protected":false},"author":1,"featured_media":0,"parent":0,"menu_order":0,"comment_status":"closed","ping_status":"open","template":"","meta":{"_acf_changed":false,"inline_featured_image":false,"footnotes":""},"class_list":["post-24057","page","type-page","status-publish","hentry"],"acf":[],"_links":{"self":[{"href":"https:\/\/ohueno-official.com\/de\/wp-json\/wp\/v2\/pages\/24057","targetHints":{"allow":["GET"]}}],"collection":[{"href":"https:\/\/ohueno-official.com\/de\/wp-json\/wp\/v2\/pages"}],"about":[{"href":"https:\/\/ohueno-official.com\/de\/wp-json\/wp\/v2\/types\/page"}],"author":[{"embeddable":true,"href":"https:\/\/ohueno-official.com\/de\/wp-json\/wp\/v2\/users\/1"}],"replies":[{"embeddable":true,"href":"https:\/\/ohueno-official.com\/de\/wp-json\/wp\/v2\/comments?post=24057"}],"version-history":[{"count":0,"href":"https:\/\/ohueno-official.com\/de\/wp-json\/wp\/v2\/pages\/24057\/revisions"}],"wp:attachment":[{"href":"https:\/\/ohueno-official.com\/de\/wp-json\/wp\/v2\/media?parent=24057"}],"curies":[{"name":"wp","href":"https:\/\/api.w.org\/{rel}","templated":true}]}}