{"id":24060,"date":"2022-08-03T16:57:51","date_gmt":"2022-08-03T14:57:51","guid":{"rendered":"https:\/\/ohueno-official.com\/pravyla-ta-umovy\/"},"modified":"2022-08-03T16:57:51","modified_gmt":"2022-08-03T14:57:51","slug":"pravyla-ta-umovy","status":"publish","type":"page","link":"https:\/\/ohueno-official.com\/de\/pravyla-ta-umovy\/","title":{"rendered":"Allgemeine Gesch\u00e4ftsbedingungen"},"content":{"rendered":"<ol>\n<li><b> Grundbegriffe<\/b><\/li>\n<\/ol>\n<p><span style=\"font-weight: 400;\">Der Benutzer ist eine nat\u00fcrliche Person, Besucher der Webseite https:\/\/ohueno-official.com\/, der die Bedingungen des Gesch\u00e4fts akzeptiert und einen Auftrag auf der Webseite ausfertigen m\u00f6chte https:\/\/ohueno-official.com\/.<\/span><\/p>\n<p><span style=\"font-weight: 400;\">Der K\u00e4ufer ist ein Benutzer, der den Auftrag auf der Webseite <\/span><a href=\"https:\/\/ohueno-official.com\/\"><span style=\"font-weight: 400;\">https:\/\/ohueno-official.com\/<\/span><\/a><span style=\"font-weight: 400;\"> ausgefertigt hat zum Zweck des Erwerbs der auf der Webseite <\/span><a href=\"https:\/\/ohueno-official.com\/\"><span style=\"font-weight: 400;\">https:\/\/ohueno-official.com\/<\/span><\/a><span style=\"font-weight: 400;\"> ver\u00f6ffentlichten Waren.<\/span><\/p>\n<p><span style=\"font-weight: 400;\">Der Verk\u00e4ufer ist ein Einzelunternehmer.\u00a0<\/span><\/p>\n<p><span style=\"font-weight: 400;\">Bezhan Yurii Yuriiovych<\/span><\/p>\n<p><span style=\"font-weight: 400;\">Steuer-ID 3058514899<\/span><\/p>\n<p><span style=\"font-weight: 400;\">Datum und Nummer des Eintrags im Einheitlichen staatlichen Register der juristischen Personen und Einzelunternehmer \u00fcber staatliche Registrierung: 30.10.2006, 2 103 000 0000 027663.<\/span><\/p>\n<p><span style=\"font-weight: 400;\">PLZ 61001<\/span><\/p>\n<p><span style=\"font-weight: 400;\">Gebiet Charkiw, Stadt Charkiw, Aptekarskyj Gasse 9A, B\u00fcro 37<\/span><\/p>\n<p><span style=\"font-weight: 400;\">Bakkonto: 26005052312328 (UA603515330000026005052312328)<\/span><\/p>\n<p><span style=\"font-weight: 400;\">Regionale Hauptverwaltung Charkiw Kommerzbank <\/span> <span style=\"font-weight: 400;\">PRIVATBANK<\/span> <span style=\"font-weight: 400;\">\u00a0<\/span><\/p>\n<p><span style=\"font-weight: 400;\">BLZ (MFO): 351533<\/span><\/p>\n<p><span style=\"font-weight: 400;\">Der Verk\u00e4ufer ist kein Mehrwertsteuerzahler in der Ukraine.<\/span><\/p>\n<p><span style=\"font-weight: 400;\">Der Verkauf von Waren erfolgt aus dem Lager des Verk\u00e4ufers aus Charkiw, Kyjiw, Odessa.<\/span><\/p>\n<p><span style=\"font-weight: 400;\">Webseite &#8211; https:\/\/ohueno-official.com\/.<\/span><\/p>\n<p><span style=\"font-weight: 400;\">Die Waren sind Kleidung, Accessoires und andere Produkte, die auf der Webseite des Verk\u00e4ufers zum Verkauf angeboten werden.<\/span><\/p>\n<p><span style=\"font-weight: 400;\">Der Auftrag ist eine vom K\u00e4ufer erstellte Anfrage \u00fcber den Warenkorb zum Kauf und zur Lieferung an die vom K\u00e4ufer angegebene Adresse der auf der Webseite ausgew\u00e4hlten Produkte <\/span><a href=\"https:\/\/ohueno-official.com\/\"><span style=\"font-weight: 400;\">https:\/\/ohueno-official.com\/<\/span><\/a><span style=\"font-weight: 400;\">.\u00a0<\/span><\/p>\n<p>&nbsp;<\/p>\n<ol start=\"2\">\n<li><b> Gesch\u00e4ftsgegenstand<\/b><\/li>\n<\/ol>\n<p><span style=\"font-weight: 400;\">2.1. Der Verk\u00e4ufer verkauft die Waren \u00fcber den Online-Shop unter der Adresse https:\/\/ohueno-official.com\/.<\/span><\/p>\n<p><span style=\"font-weight: 400;\">2.2. Durch die Bestellung von Waren \u00fcber die Webseite stimmt der Benutzer den unten aufgef\u00fchrten Verkaufsbedingungen zu. Im Falle einer Meinungsverschiedenheit ist der Benutzer verpflichtet, die Nutzung des Dienstes einzustellen und die Webseite zu verlassen <\/span><a href=\"https:\/\/ohueno.com\/\" rel=\"nofollow noopener\"><span style=\"font-weight: 400;\">https:\/\/ohueno.com<\/span><\/a><span style=\"font-weight: 400;\">.\u00a0<\/span><\/p>\n<p><span style=\"font-weight: 400;\">2.3. Diese Bedingungen f\u00fcr den Verkauf von Waren sowie die auf der Webseite vorgestellten Informationen \u00fcber das Produkt sind ein \u00f6ffentliches Angebot gem\u00e4\u00df Art. 633 des B\u00fcrgerlichen Gesetzbuches der Ukraine.\u00a0<\/span><\/p>\n<p><span style=\"font-weight: 400;\">2.4. Diese Bedingungen k\u00f6nnen vom Verk\u00e4ufer einseitig ohne Benachrichtigung des Benutzers\/K\u00e4ufers ge\u00e4ndert werden. Die neue Fassung der Bedingungen tritt mit ihrer Ver\u00f6ffentlichung auf der Webseite in Kraft, sofern nichts anderes vorgesehen ist.\u00a0<\/span><\/p>\n<p><span style=\"font-weight: 400;\">2.5. Die Annahme dieses Angebots tritt in Kraft, wenn der Verk\u00e4ufer dem K\u00e4ufer eine elektronische Best\u00e4tigung der Annahme des Auftrages sendet, wenn der K\u00e4ufer den Auftrag auf der Webseite <\/span><a href=\"https:\/\/ohueno-official.com\/\"><span style=\"font-weight: 400;\">https:\/\/ohueno-official.com\/<\/span><\/a><span style=\"font-weight: 400;\"> ausfertigt.\u00a0<\/span><\/p>\n<p><span style=\"font-weight: 400;\">2.6. Der Warenkaufvertrag gilt als abgeschlossen, nachdem der Verk\u00e4ufer dem K\u00e4ufer einen Steuerbeleg ausgestellt hat, der die Zahlung der Ware best\u00e4tigt.<\/span><\/p>\n<p><span style=\"font-weight: 400;\">2.7. Bei der Benachrichtigung dem Verk\u00e4ufer \u00fcber E-Mail, Telefonnummer, Lieferadresse stimmt der K\u00e4ufer zur Nutzung der angegebenen Kommunikationswege durch den Verk\u00e4ufer, sowie von Dritten zu, die bei ihm zur Erf\u00fcllung der Verpflichtungen vor dem K\u00e4ufer angezogen sind, um die Mailings von Werbe- und Informationsmaterialien, die Informationen \u00fcber Rabatte, kommende und aktuelle Sonderangebote und anderen Veranstaltungen den Verk\u00e4ufer, \u00fcber die \u00dcbertragung des Auftrages zur Lieferung enthalten, sowie andere Informationen, die unmittelbar im Zusammenhang mit der Erf\u00fcllung der Pflichten des Kunden im Rahmen dieses \u00f6ffentlichen Angebots verbunden sind, durchzuf\u00fchren.\u00a0<\/span><\/p>\n<p>&nbsp;<\/p>\n<ol start=\"3\">\n<li><b> Ware und Kaufverfahren<\/b><\/li>\n<\/ol>\n<p><span style=\"font-weight: 400;\">3.1. Der Verk\u00e4ufer bietet die M\u00f6glichkeit, die auf der Webseite dargestellten Waren zu liefern. Die begleitenden Bilder sind einfache Abbildungen und k\u00f6nnen vom tats\u00e4chlichen Erscheinungsbild der Ware abweichen. Das Begleitprodukt, die Beschreibung\/Merkmale erheben keinen Anspruch auf umfassende Information und k\u00f6nnen Tippfehler enthalten. Um die Informationen \u00fcber das Produkt zu kl\u00e4ren, kann sich der K\u00e4ufer per E-Mail an den K\u00e4ufer wenden, indem er einen Brief an <\/span><span style=\"font-weight: 400;\">hi@ohueno.com<\/span><span style=\"font-weight: 400;\"> sendet.\u00a0<\/span><\/p>\n<p><span style=\"font-weight: 400;\">3.2. Im Falle der Abwesenheit der vom K\u00e4ufer bestellten Waren im Lager des Verk\u00e4ufers ist der K\u00e4ufer berechtigt, die angegebene Ware aus dem Auftrag auszuschlie\u00dfen oder zu stornieren, indem er den K\u00e4ufer durch eine entsprechende E-Mail oder eine vom K\u00e4ufer angegebene Telefonnummer benachrichtigt.\u00a0<\/span><\/p>\n<p><span style=\"font-weight: 400;\">3.3. Der K\u00e4ufer ist allein daf\u00fcr verantwortlich, falsche Angaben zu machen, was dazu f\u00fchrt, dass der Verk\u00e4ufer seine Verpflichtungen gegen\u00fcber dem K\u00e4ufer nicht ordnungsgem\u00e4\u00df erf\u00fcllen kann.\u00a0<\/span><\/p>\n<p><span style=\"font-weight: 400;\">3.4. Nach der Ausfertigung des Auftrages auf der Webseite <\/span><a href=\"https:\/\/ohueno-official.com\/\"><span style=\"font-weight: 400;\">https:\/\/ohueno-official.com\/<\/span><\/a><span style=\"font-weight: 400;\"> erh\u00e4lt der K\u00e4ufer die Informationen \u00fcber das voraussichtliche Lieferdatum, indem er eine E-Mail an die E-Mail- oder SMS-Adresse sendet und das vom K\u00e4ufer angegebene Telefon anruft. Der Manager, der diesen Auftrag bedient, gibt die Details des Auftrages an, vereinbart ein Lieferdatum, das von der Verf\u00fcgbarkeit der bestellten Waren im Lager des Verk\u00e4ufers und der Zeit abh\u00e4ngt, die f\u00fcr die Bearbeitung und Lieferung des Auftrages erforderlich ist.\u00a0<\/span><\/p>\n<p><span style=\"font-weight: 400;\">3.5. Das voraussichtliche Datum der \u00dcbergabe des Auftrages an den Lieferservice wird dem K\u00e4ufer durch den Auftragsverwalter per E-Mail oder durch einen Kontrollanruf an den K\u00e4ufer mitgeteilt.\u00a0<\/span><\/p>\n<p><span style=\"font-weight: 400;\">3.6. Das Datum der \u00dcbergabe der Ware kann vom Verk\u00e4ufer einseitig ge\u00e4ndert werden, wenn nach Ansicht des Verk\u00e4ufers objektive Gr\u00fcnde vorliegen.<\/span><\/p>\n<p>&nbsp;<\/p>\n<ol start=\"4\">\n<li><b> Lieferung des Auftrages<\/b><\/li>\n<\/ol>\n<p><span style=\"font-weight: 400;\">4.1. Die Ware wird vom Postbetreiber in Form einer bezahlten Postsendung mit der Bezahlung auf der Zahlungswebseite per Zahlungskarte geliefert.\u00a0<\/span><\/p>\n<p><span style=\"font-weight: 400;\">Die Versandarten: Versand von Firma Nova Poshta durch die Ukraine oder von Ukrposhta zur Lieferung weltweit. Spezifische Lieferzeiten k\u00f6nnen vom K\u00e4ufer mit dem Manager bei der Auftragsbest\u00e4tigung vereinbart werden.\u00a0<\/span><\/p>\n<p><span style=\"font-weight: 400;\">4.2. Die Verz\u00f6gerungen bei der Lieferung sind aufgrund von unvorhergesehenen Umst\u00e4nden m\u00f6glich, die nicht auf das Verschulden des Verk\u00e4ufers zur\u00fcckzuf\u00fchren sind.\u00a0<\/span><\/p>\n<p><span style=\"font-weight: 400;\">4.3. Das Risiko des zuf\u00e4lligen Untergangs oder der zuf\u00e4lligen Besch\u00e4digung der Ware geht auf den K\u00e4ufer \u00fcber mit der \u00dcbergabe des Auftrages und die Anbringung der Signatur bei dem Empf\u00e4nger des Auftrages auf Unterlagen, die die Lieferung des Auftrages best\u00e4tigen.\u00a0<\/span><\/p>\n<p><span style=\"font-weight: 400;\">4.4. Die Versandkosten f\u00fcr jeden Auftrag werden vom K\u00e4ufer bezahlt.<\/span><\/p>\n<p><span style=\"font-weight: 400;\">4.5. Die Verpflichtung des Verk\u00e4ufers, die Ware an den K\u00e4ufer zu \u00fcbergeben, gilt als erf\u00fcllt, wenn der K\u00e4ufer die Sendung erh\u00e4lt, und dieser Zeitpunkt wird in \u00dcbereinstimmung mit den geltenden Postbestimmungen festgelegt.\u00a0<\/span><\/p>\n<p><span style=\"font-weight: 400;\">4.6. Bei der Annahme des Auftrages muss der K\u00e4ufer die gelieferte Ware \u00fcberpr\u00fcfen und auf \u00dcbereinstimmung mit der beanspruchten Qualit\u00e4t, dem Sortiment und der Vollst\u00e4ndigkeit der Ware pr\u00fcfen sowie die Lebensdauer der gelieferten Ware und die Integrit\u00e4t der Verpackung \u00fcberpr\u00fcfen.<\/span><\/p>\n<p><span style=\"font-weight: 400;\">4.7. Sie k\u00f6nnen das Datum, die Uhrzeit und ggf. die Lieferroute beim Manager klar fassen, der sich mit dem K\u00e4ufer in Verbindung setzt, um den Auftrag zu best\u00e4tigen.<\/span><\/p>\n<p><span style=\"font-weight: 400;\">4.8. Der Benutzer versteht und stimmt zu, dass: die Lieferung eine separate Dienstleistung ist, die kein integraler Bestandteil der Ware ist und mit dem Zeitpunkt endet, an dem der Empf\u00e4nger die Ware erh\u00e4lt und die Zahlung daf\u00fcr leistet. Die Anspr\u00fcche auf die Qualit\u00e4t der gekauften Ware, die nach Erhalt und Bezahlung der Ware entstanden sind, werden gem\u00e4\u00df dem Konsumentschutzgesetz der Ukraine und den Garantiepflichten des Verk\u00e4ufers behandelt. Der Kauf der Ware mit Lieferung gibt dem K\u00e4ufer daher nicht das Recht, die Lieferung der gekauften Ware zum Zwecke der Garantieleistung oder des Ersatzes zu verlangen, es gibt keine M\u00f6glichkeit, die Garantieleistung oder den Ersatz der Ware durch Abreise an den K\u00e4ufer durchzuf\u00fchren und bedeutet nicht die M\u00f6glichkeit, die Versandkosten f\u00fcr die Ware zur\u00fcckzugeben, wenn der K\u00e4ufer gem\u00e4\u00df dem Konsumentschutzgesetz der Ukraine das Recht hat, das Geld f\u00fcr die Ware als solche zur\u00fcckzugeben.\u00a0<\/span><\/p>\n<p><span style=\"font-weight: 400;\">4.9. Alle Waren, die vom K\u00e4ufer auf der Webseite gekauft und au\u00dferhalb der Ukraine versendet wurden, k\u00f6nnen Einfuhrsteuern, Abgaben und Mehrwertsteuer unterliegen und haben die Einschr\u00e4nkungen f\u00fcr die Einfuhr in das vom K\u00e4ufer angegebene Land des Empf\u00e4ngers, deren Zahlung die pers\u00f6nliche Verantwortung des K\u00e4ufers ist und deren Gr\u00f6\u00dfe vom Verk\u00e4ufer nicht vollst\u00e4ndig oder teilweise kompensiert oder im Voraus auf der Webseite <\/span><a href=\"https:\/\/ohueno-official.com\/\"><span style=\"font-weight: 400;\">https:\/\/ohueno-official.com\/<\/span><\/a><span style=\"font-weight: 400;\"> berechnet werden kann.\u00a0<\/span><\/p>\n<p>&nbsp;<\/p>\n<ol start=\"5\">\n<li><b> Bezahlung der Waren<\/b><\/li>\n<\/ol>\n<p><span style=\"font-weight: 400;\">5.1. Der Preis der Ware wird in UAH angegeben oder in den Gegenwert in US-Dollar zum vom Verk\u00e4ufer festgelegten Kurs umgerechnet und beinhaltet keine Mehrwertsteuer.\u00a0<\/span><\/p>\n<p><span style=\"font-weight: 400;\">5.2. Der Auftragsbetrag besteht aus dem Wert der bestellten Waren.\u00a0<\/span><\/p>\n<p><span style=\"font-weight: 400;\">5.3. Der Preis der Ware wird auf der Webseite <\/span><a href=\"https:\/\/ohueno-official.com\/\"><span style=\"font-weight: 400;\">https:\/\/ohueno-official.com\/<\/span><\/a><span style=\"font-weight: 400;\">\u00a0 angegeben. Im Falle einer falschen Angabe des Preises der vom K\u00e4ufer bestellten Ware informiert der Verk\u00e4ufer den K\u00e4ufer dar\u00fcber, um den Auftrag zum korrigierten Preis zu best\u00e4tigen oder den Auftrag zu stornieren. Wenn es nicht m\u00f6glich ist, den K\u00e4ufer zu kontaktieren, gilt der Auftrag als storniert<\/span><\/p>\n<p><span style=\"font-weight: 400;\">5.4. Der Preis der Ware kann vom Verk\u00e4ufer einseitig ge\u00e4ndert werden. Der Preis der vom K\u00e4ufer bestellten Ware kann jedoch nicht ge\u00e4ndert werden.<\/span><\/p>\n<p><span style=\"font-weight: 400;\">5.5. Die Bezahlung der Ware erfolgt:<\/span><\/p>\n<p><span style=\"font-weight: 400;\">Im Falle der Bestellung und der anschlie\u00dfenden Abfahrt in der Ukraine &#8211; in UAH mit bargeldlosen Mitteln, bevor der Auftrag in dem Betrag, der dem Auftragsbetrag entspricht, in UAH mit Visa- und MasterCard-Zahlungskarten, bevor die Bestellung in dem Betrag, der dem Auftragsbetrag entspricht, gesendet wird.<\/span><\/p>\n<p><span style=\"font-weight: 400;\">5.6. Der Verk\u00e4ufer hat das Recht, Rabatte auf Waren zu gew\u00e4hren und ein Bonusprogramm festzustellen. Die Arten von Rabatten, Boni, Verfahren und Bedingungen f\u00fcr die Abrechnung sind auf der Webseite angegeben und k\u00f6nnen vom Verk\u00e4ufer einseitig ge\u00e4ndert werden.<\/span><\/p>\n","protected":false},"excerpt":{"rendered":"<p>Grundbegriffe Der Benutzer ist eine nat\u00fcrliche Person, Besucher der Webseite https:\/\/ohueno-official.com\/, der die Bedingungen des Gesch\u00e4fts akzeptiert und einen Auftrag auf der Webseite ausfertigen m\u00f6chte https:\/\/ohueno-official.com\/. Der K\u00e4ufer ist ein Benutzer, der den Auftrag auf der Webseite https:\/\/ohueno-official.com\/ ausgefertigt hat zum Zweck des Erwerbs der auf der Webseite https:\/\/ohueno-official.com\/ ver\u00f6ffentlichten Waren. Der Verk\u00e4ufer ist ein [&hellip;]<\/p>\n","protected":false},"author":1,"featured_media":0,"parent":0,"menu_order":0,"comment_status":"closed","ping_status":"closed","template":"","meta":{"_acf_changed":false,"inline_featured_image":false,"footnotes":""},"class_list":["post-24060","page","type-page","status-publish","hentry"],"acf":[],"_links":{"self":[{"href":"https:\/\/ohueno-official.com\/de\/wp-json\/wp\/v2\/pages\/24060","targetHints":{"allow":["GET"]}}],"collection":[{"href":"https:\/\/ohueno-official.com\/de\/wp-json\/wp\/v2\/pages"}],"about":[{"href":"https:\/\/ohueno-official.com\/de\/wp-json\/wp\/v2\/types\/page"}],"author":[{"embeddable":true,"href":"https:\/\/ohueno-official.com\/de\/wp-json\/wp\/v2\/users\/1"}],"replies":[{"embeddable":true,"href":"https:\/\/ohueno-official.com\/de\/wp-json\/wp\/v2\/comments?post=24060"}],"version-history":[{"count":0,"href":"https:\/\/ohueno-official.com\/de\/wp-json\/wp\/v2\/pages\/24060\/revisions"}],"wp:attachment":[{"href":"https:\/\/ohueno-official.com\/de\/wp-json\/wp\/v2\/media?parent=24060"}],"curies":[{"name":"wp","href":"https:\/\/api.w.org\/{rel}","templated":true}]}}