{"id":24044,"date":"2021-11-04T19:08:30","date_gmt":"2021-11-04T17:08:30","guid":{"rendered":"https:\/\/ohueno-official.com\/checkout\/"},"modified":"2022-08-04T12:02:32","modified_gmt":"2022-08-04T10:02:32","slug":"checkout","status":"publish","type":"page","link":"https:\/\/ohueno-official.com\/pl\/checkout\/","title":{"rendered":"Sk\u0142adaj\u0105c zam\u00f3wienie"},"content":{"rendered":"<div class=\"woocommerce\"><div class=\"woocommerce-notices-wrapper\"><\/div><\/div>\n","protected":false},"excerpt":{"rendered":"","protected":false},"author":1,"featured_media":0,"parent":0,"menu_order":0,"comment_status":"closed","ping_status":"closed","template":"","meta":{"_acf_changed":false,"inline_featured_image":false,"footnotes":""},"class_list":["post-24044","page","type-page","status-publish","hentry"],"acf":[],"_links":{"self":[{"href":"https:\/\/ohueno-official.com\/pl\/wp-json\/wp\/v2\/pages\/24044","targetHints":{"allow":["GET"]}}],"collection":[{"href":"https:\/\/ohueno-official.com\/pl\/wp-json\/wp\/v2\/pages"}],"about":[{"href":"https:\/\/ohueno-official.com\/pl\/wp-json\/wp\/v2\/types\/page"}],"author":[{"embeddable":true,"href":"https:\/\/ohueno-official.com\/pl\/wp-json\/wp\/v2\/users\/1"}],"replies":[{"embeddable":true,"href":"https:\/\/ohueno-official.com\/pl\/wp-json\/wp\/v2\/comments?post=24044"}],"version-history":[{"count":1,"href":"https:\/\/ohueno-official.com\/pl\/wp-json\/wp\/v2\/pages\/24044\/revisions"}],"predecessor-version":[{"id":24045,"href":"https:\/\/ohueno-official.com\/pl\/wp-json\/wp\/v2\/pages\/24044\/revisions\/24045"}],"wp:attachment":[{"href":"https:\/\/ohueno-official.com\/pl\/wp-json\/wp\/v2\/media?parent=24044"}],"curies":[{"name":"wp","href":"https:\/\/api.w.org\/{rel}","templated":true}]}}