{"id":24058,"date":"2021-11-04T19:02:36","date_gmt":"2021-11-04T17:02:36","guid":{"rendered":"https:\/\/ohueno-official.com\/privacy-policy\/"},"modified":"2021-11-04T19:02:36","modified_gmt":"2021-11-04T17:02:36","slug":"privacy-policy","status":"publish","type":"page","link":"https:\/\/ohueno-official.com\/pl\/privacy-policy\/","title":{"rendered":"Polityka prywatno\u015bci"},"content":{"rendered":"<p><b>Postanowienia og\u00f3lne<\/b><\/p>\n<p><span style=\"font-weight: 400;\">Zarz\u0105dzanie danymi https:\/\/ohueno-official.com\/ (zwane dalej \u201eStron\u0105\u201d) jest prowadzone przez osob\u0119 fizyczn\u0105 &#8211; przedsi\u0119biorc\u0119 Bezhan Iurii syn Iuriia (NIP 3058514899), kt\u00f3ry jest zarejestrowany i wa\u017cny zgodnie z wymogami ustawodawstwa Ukrainy (zwana dalej \u201eFirma\u201d). Firma traktuje z wielkim szacunkiem informacje poufne (osobowe) wszystkich os\u00f3b bez wyj\u0105tku, kt\u00f3re odwiedzi\u0142y Stron\u0119, a tak\u017ce korzystaj\u0105cych z us\u0142ug \u015bwiadczonych przez Stron\u0119; w zwi\u0105zku z tym Firma d\u0105\u017cy do ochrony poufno\u015bci danych osobowych (informacji lub zbioru informacji o osobie fizycznej, kt\u00f3ra jest zidentyfikowana lub mo\u017ce by\u0107 konkretnie zidentyfikowana), tworz\u0105c tym samym i zapewniaj\u0105c najbardziej komfortowe warunki korzystania z serwis\u00f3w Strony dla ka\u017cdego u\u017cytkownika.<\/span><\/p>\n<p><span style=\"font-weight: 400;\">Niniejsza Polityka Prywatno\u015bci i Ochrony Danych Osobowych (zwana dalej \u201ePolityk\u0105\u201d) okre\u015bla procedur\u0119 przetwarzania danych osobowych przez Firm\u0119, rodzaje gromadzonych danych osobowych, cele wykorzystywania tych danych osobowych, interakcje Firmy z podmiotami trzecimi, \u015brodki bezpiecze\u0144stwa dotycz\u0105ce ochrony danych osobowych, warunki dost\u0119pu do danych osobowych, a tak\u017ce dane kontaktowe u\u017cytkownika w celu uzyskania dost\u0119pu, zmiany, zablokowania lub usuni\u0119cia swoich danych osobowych oraz odpowiedzi na wszelkie pytania dotycz\u0105ce praktyk ochrony danych osobowych.<\/span><\/p>\n<p>&nbsp;<\/p>\n<p><b>Gromadzenie i wykorzystywanie danych osobowych<\/b><\/p>\n<p><span style=\"font-weight: 400;\">W\u0142a\u015bcicielem i administratorem danych osobowych u\u017cytkownik\u00f3w Strony jest osoba fizyczna, &#8211; przedsi\u0119biorca Bezhan Iurii syn Iuriia.<\/span><\/p>\n<p><span style=\"font-weight: 400;\">Gdy u\u017cytkownik korzysta z serwis\u00f3w Strony, Firma przetwarza dane u\u017cytkownika, a mianowicie: &#8211; dane podane przez u\u017cytkownika zar\u00f3wno podczas wype\u0142niania formularzy rejestracyjnych, jak i w trakcie korzystania z serwis\u00f3w; &#8211; pliki cookies; &#8211; adresy IP; \u2014 parametry i ustawienia przegl\u0105darek internetowych (User \u2014 agent). Firma gromadzi tylko te dane osobowe (na przyk\u0142ad imi\u0119 i nazwisko, login i has\u0142o dost\u0119pu, adres e-mail, numer telefonu kontaktowego, data urodzenia, p\u0142e\u0107 itp.), kt\u00f3re \u015bwiadomie i dobrowolnie s\u0105 podawane przez podmiot danych osobowych w celu korzystania z serwis\u00f3w Strony, kt\u00f3rymi zgodnie z wymogami prawa jest zgoda podmiotu danych osobowych na przetwarzanie jego danych osobowych zgodnie z celem ich przetwarzania sformu\u0142owanym w niniejszej Polityce.<\/span><\/p>\n<p><span style=\"font-weight: 400;\">Podczas odwiedzania Strony rejestrowane s\u0105 wszystkie logowania do systemu. Inne informacje o ruchu u\u017cytkownik\u00f3w nie s\u0105 przetwarzane ani przechowywane.<\/span><\/p>\n<p><span style=\"font-weight: 400;\">Zwracamy Twoj\u0105 uwag\u0119: Firma ogranicza si\u0119 do zebrania minimalnej ilo\u015bci informacji niezb\u0119dnych do spe\u0142nienia \u017c\u0105dania podmiotu danych osobowych. W ka\u017cdym przypadku, gdy wymagane s\u0105 nieobowi\u0105zkowe informacje, u\u017cytkownik zostanie powiadomiony w momencie zebrania takich informacji. Firma nie gromadzi \u017cadnych informacji, do przetwarzania kt\u00f3rych okre\u015blone s\u0105 wymogi prawne, takie jak informacje o pochodzeniu rasowym lub etnicznym, przekonaniach politycznych, religijnych lub ideologicznych, przynale\u017cno\u015bci do partii politycznych i zwi\u0105zk\u00f3w zawodowych, wyrokach skazuj\u0105cych za pope\u0142nienie przest\u0119pstwa lub wyrok\u00f3w skazuj\u0105cych za kar\u0119 kryminaln\u0105, a tak\u017ce danych dotycz\u0105cych zdrowia, \u017cycia seksualnego, danych biometrycznych lub genetycznych (zgodnie z art. 7 Ustawy Ukrainy \u201eO ochronie danych osobowych\u201d). Firma zbiera dane dotycz\u0105ce statystyk odwiedzin Strony. Informacje mog\u0105 zawiera\u0107 informacje o po\u0142\u0105czeniu, ruchu, przegl\u0105darce u\u017cytkownika, a tak\u017ce o dacie, godzinie, czasie pracy w Internecie i przebywaniu na Stronie.<\/span><\/p>\n<p><b>Korzystanie z plik\u00f3w cookie<\/b><\/p>\n<p><span style=\"font-weight: 400;\">Plik cookie to plik lub pliki tekstowe zawieraj\u0105ce niewielk\u0105 ilo\u015b\u0107 informacji, kt\u00f3re s\u0105 wysy\u0142ane do przegl\u0105darki internetowej i przechowywane na urz\u0105dzeniu u\u017cytkownika. Takimi urz\u0105dzeniami mo\u017ce by\u0107 komputer, telefon kom\u00f3rkowy lub inne urz\u0105dzenie, za pomoc\u0105 kt\u00f3rego u\u017cytkownik odwiedza stron\u0119. Pliki cookie mog\u0105 by\u0107 sta\u0142e (tzw. trwa\u0142e pliki cookie) i s\u0105 przechowywane na komputerze do momentu ich usuni\u0119cia przez u\u017cytkownika lub tymczasowe (takie pliki cookie to tzw. sesyjne pliki cookie), to znaczy s\u0105 przechowywane tylko do czasu zamkni\u0119cia przegl\u0105darki. Ponadto pliki cookie dziel\u0105 si\u0119 na podstawowe (ustawiane bezpo\u015brednio przez odwiedzan\u0105 Stron\u0119) i zewn\u0119trzne (ustawiane przez inne strony).<\/span><\/p>\n<p><span style=\"font-weight: 400;\">Wa\u017cne:<\/span><\/p>\n<ul>\n<li><span style=\"font-weight: 400;\"> gdy u\u017cytkownik ponownie odwiedza Stron\u0119, dane dotycz\u0105ce plik\u00f3w cookie s\u0105 aktualizowane;<\/span><\/li>\n<li><span style=\"font-weight: 400;\"> w wi\u0119kszo\u015bci przypadk\u00f3w domy\u015blna przegl\u0105darka internetowa dopuszcza automatyczne przechowywanie plik\u00f3w cookies na urz\u0105dzeniu u\u017cytkownika;<\/span><\/li>\n<li><span style=\"font-weight: 400;\"> wy\u0142\u0105czenie plik\u00f3w cookies mo\u017ce ograniczy\u0107 dost\u0119p do publikowanych materia\u0142\u00f3w i\/lub s\u0142abego dzia\u0142ania serwis\u00f3w Strony.\u00a0<\/span><\/li>\n<\/ul>\n<p><span style=\"font-weight: 400;\">Firma dba o swoich u\u017cytkownik\u00f3w i stara si\u0119, aby pobyt na Stronie by\u0142 jak najbardziej komfortowy, w tym celu Firma musi analizowa\u0107 zachowanie, preferencje i zainteresowania u\u017cytkownika za pomoc\u0105 plik\u00f3w cookie. Taka analiza pomo\u017ce Firmie poprawi\u0107 do\u015bwiadczenie interakcji ze Stron\u0105, okre\u015bli\u0107 najdogodniejszy interfejs i nawigacj\u0119 w Serwisie. Zgodnie z klasyfikacj\u0105 Mi\u0119dzynarodowej Izby Handlowej (International Chamber of Commerce) firma stosuje nast\u0119puj\u0105ce kategorie plik\u00f3w cookie:<\/span><\/p>\n<p><span style=\"font-weight: 400;\">Niezb\u0119dne pliki cookie s\u0105 niezb\u0119dne, aby u\u017cytkownik m\u00f3g\u0142 porusza\u0107 si\u0119 po stronie internetowej i podczas korzystania z niekt\u00f3rych us\u0142ug, na przyk\u0142ad w celu uzyskania dost\u0119pu do chronionych stron, rejestracji i autoryzacji, przeprowadzania wyszukiwania na Stronie.<\/span><\/p>\n<p><span style=\"font-weight: 400;\">Zapami\u0119tuj\u0105 r\u00f3wnie\u017c poprzednie dzia\u0142ania u\u017cytkownika podczas przechodzenia na poprzedni\u0105 stron\u0119 w tej samej sesji. Operacyjne pliki cookie agreguj\u0105 informacje o sposobie korzystania ze Strony. Dane te s\u0105 przechowywane na urz\u0105dzeniu u\u017cytkownika pomi\u0119dzy sesjami przegl\u0105darki. Przyk\u0142adami takich danych mog\u0105 by\u0107 nast\u0119puj\u0105ce wska\u017aniki: czas sp\u0119dzony na Stronie, najcz\u0119\u015bciej odwiedzane strony, zrozumienie, kt\u00f3re sekcje i us\u0142ugi strony by\u0142y najbardziej interesuj\u0105ce dla u\u017cytkownika, jak skuteczna jest ta lub inna kampania reklamowa i\/lub marketingowa, itp. Wszystkie informacje gromadzone za pomoc\u0105 operacyjnych plik\u00f3w cookie s\u0142u\u017c\u0105 do cel\u00f3w statystycznych i analitycznych. Niekt\u00f3re dane z plik\u00f3w cookies mog\u0105 by\u0107 przekazywane podmiotom trzecim upowa\u017cnionym przez serwis i wy\u0142\u0105cznie w wy\u017cej wymienionych celach.<\/span><\/p>\n<p><span style=\"font-weight: 400;\">Funkcjonalne pliki cookies s\u0142u\u017c\u0105 do zapisywania ustawie\u0144 lub konfiguracji, kt\u00f3re s\u0105 przechowywane na urz\u0105dzeniu u\u017cytkownika pomi\u0119dzy sesjami przegl\u0105darki internetowej. Przyk\u0142adami takich danych mog\u0105 by\u0107 nast\u0119puj\u0105ce metryki: \u015bledzenie polecanego tekstu, grafiki, materia\u0142u audio i wideo, w celu unikni\u0119cia powt\u00f3rnego wy\u015bwietlania, zarz\u0105dzanie reklam\u0105 ukierunkowan\u0105, ocena skuteczno\u015bci kampanii reklamowych, informacje o wizycie u\u017cytkownika w innych zasobach podczas przej\u015b\u0107, a tak\u017ce inne parametry ustawie\u0144 Strony.<\/span><\/p>\n<p><span style=\"font-weight: 400;\">Pliki \u015bledzenia (tracking) us\u0142ug stron trzecich i us\u0142ug analitycznych: W celu szybkiej dostawy, lepszego wy\u015bwietlania i szczeg\u00f3\u0142owej analizy tre\u015bci na Stronie Firma korzysta z us\u0142ug nale\u017c\u0105cych do innych firm zewn\u0119trznych, takich jak Facebook, Instagram, Alphabet Inc., Google i inne.<\/span><\/p>\n<p><span style=\"font-weight: 400;\">Przyk\u0142adowe firmy mog\u0105 wykorzystywa\u0107 pliki cookies na urz\u0105dzeniu u\u017cytkownika podczas pracy na Stronie. Nale\u017cy zauwa\u017cy\u0107, \u017ce Strona nie mo\u017ce wp\u0142ywa\u0107 na dzia\u0142anie plik\u00f3w cookies wykorzystywanych przez te serwisy.<\/span><\/p>\n<p><span style=\"font-weight: 400;\">Mo\u017cesz dowiedzie\u0107 si\u0119 wszystkich niezb\u0119dnych informacji na temat ich u\u017cytkowania, odwiedzaj\u0105c odpowiedni\u0105 stron\u0119:<\/span><\/p>\n<p><span style=\"font-weight: 400;\">&#8211; Warunki wykorzystania Google Analytics &#8211; http:\/\/www.google.com\/analytics\/terms\/ru.html<\/span><\/p>\n<p><span style=\"font-weight: 400;\">Zarz\u0105dzanie plikami cookie: Podstawowe strony (podane ni\u017cej) ustawione s\u0105 na automatyczny odbi\u00f3r plik\u00f3w cookie. \u017beby wy\u0142\u0105czy\u0107 je nale\u017cy u\u017cy\u0107 funkcji informacji w swojej przegl\u0105darce.\u00a0<\/span><\/p>\n<p><span style=\"font-weight: 400;\">Microsoft Edge &#8211; https:\/\/privacy.microsoft.com\/ru-ru\/privacystatement\u00a0<\/span><\/p>\n<p><span style=\"font-weight: 400;\">Mozilla Firefox &#8211; https:\/\/www.mozilla.org\/ru\/privacy\/websites\/#cookies\u00a0<\/span><\/p>\n<p><span style=\"font-weight: 400;\">Google\u00a0<\/span><\/p>\n<p><span style=\"font-weight: 400;\">Chrome &#8211; https:\/\/support.google. com\/chrome\/answer\/95647?hl=ua\u00a0<\/span><\/p>\n<p><span style=\"font-weight: 400;\">Opera \u2014 http:\/\/help.opera.com\/Windows\/11.50\/ua\/cookies.html\u00a0<\/span><\/p>\n<p><span style=\"font-weight: 400;\">Safari for macOS \u2014 https:\/\/support.apple.com\/kb\/PH21411? locale=en_US<\/span><\/p>\n<p><span style=\"font-weight: 400;\">Wa\u017cne:<\/span><\/p>\n<p><span style=\"font-weight: 400;\">* konfiguracja ustawie\u0144 plik\u00f3w cookies dla przegl\u0105darek internetowych urz\u0105dze\u0144 mobilnych mo\u017ce si\u0119 r\u00f3\u017cni\u0107;<\/span><\/p>\n<p><span style=\"font-weight: 400;\">Nale\u017cy przypomnie\u0107, \u017ce normalna praca ze Stron\u0105 jest mo\u017cliwa tylko przy wykorzystaniu plik\u00f3w cookies;<\/span><\/p>\n<p><span style=\"font-weight: 400;\">* wy\u0142\u0105czenie plik\u00f3w cookies mo\u017ce ograniczy\u0107 dost\u0119p do tre\u015bci oraz spowodowa\u0107 s\u0142abe dzia\u0142anie serwis\u00f3w Strony.<\/span><\/p>\n<p><span style=\"font-weight: 400;\">Aby skontaktowa\u0107 si\u0119 z Firm\u0105 w sprawie korzystania z plik\u00f3w cookie, wy\u015blij wiadomo\u015b\u0107 e-mail na adres hi@ohueno.com. Je\u015bli u\u017cytkownik nie w\u0142\u0105czy korzystania z plik\u00f3w cookie lub umy\u015blnie usunie wszystkie pliki cookie ze swojej przegl\u0105darki internetowej, u\u017cytkownik zostanie ponownie poproszony o w\u0142\u0105czenie i u\u017cywanie plik\u00f3w cookie przy kolejnych wizytach na Stronie. Informacje o u\u017cytkownikach uzyskane za pomoc\u0105 plik\u00f3w cookie nie s\u0105 sprzedawane ani rozpowszechniane publicznie i s\u0105 w\u0142asno\u015bci\u0105 firmy b\u0119d\u0105cej w\u0142a\u015bcicielem serwisu.<\/span><\/p>\n<p>&nbsp;<\/p>\n<p><b>Bezpiecze\u0144stwo nieletnich<\/b><\/p>\n<p><span style=\"font-weight: 400;\">Strona nie jest przeznaczona dla nieletnich u\u017cytkownik\u00f3w. Firma bardzo powa\u017cnie traktuje kwestie bezpiecze\u0144stwa, szczeg\u00f3lnie w odniesieniu do nieletnich, dlatego ze swojej strony Firma apeluje do rodzic\u00f3w o wyja\u015bnienie swoim dzieciom kwestii bezpiecze\u0144stwa w Internecie, ich konkretnego celu oraz potrzeby korzystania z tych lub innych serwis\u00f3w Strony.<\/span><\/p>\n<p>&nbsp;<\/p>\n<p><b>Ochrona danych osobowych<\/b><\/p>\n<p><span style=\"font-weight: 400;\">Firma stosuje og\u00f3lnie przyj\u0119te standardy technologicznej i operacyjnej ochrony informacji i danych osobowych przed utrat\u0105, niew\u0142a\u015bciwym wykorzystaniem, zmian\u0105 lub zniszczeniem. Jednak\u017ce, pomimo do\u0142o\u017cenia wszelkich stara\u0144, Firma nie mo\u017ce zagwarantowa\u0107 absolutnego zabezpieczenia przed zagro\u017ceniami powsta\u0142ymi poza kontrol\u0105 Firmy.<\/span><\/p>\n<p><span style=\"font-weight: 400;\">Firma zapewnia stosowanie wszelkich odpowiednich zobowi\u0105za\u0144 do zachowania poufno\u015bci, a tak\u017ce technicznych i organizacyjnych \u015brodk\u00f3w bezpiecze\u0144stwa, aby zapobiec nieuprawnionemu lub nielegalnemu ujawnieniu lub przetwarzaniu takich informacji i danych, ich przypadkowej utracie, zniszczeniu lub uszkodzeniu.<\/span><\/p>\n<p><span style=\"font-weight: 400;\">Firma udost\u0119pnia informacje i dane osobowe wy\u0142\u0105cznie upowa\u017cnionym pracownikom, kt\u00f3rzy wyrazili zgod\u0119 na zapewnienie poufno\u015bci tych informacji i danych zgodnie z wymaganiami Firmy. Rozpowszechnianie danych osobowych bez zgody podmiotu danych osobowych lub osoby przez niego upowa\u017cnionej jest dozwolone w przypadkach okre\u015blonych przepisami prawa i tylko (je\u015bli jest to konieczne) w interesie bezpiecze\u0144stwa narodowego, dobrobytu gospodarczego i praw cz\u0142owieka.<\/span><\/p>\n<p><span style=\"font-weight: 400;\">Prawa podmiotu danych osobowych<\/span><\/p>\n<p><span style=\"font-weight: 400;\">Firma informuje Ci\u0119 o Twoich prawach jako podmiotu danych osobowych, kt\u00f3re reguluje Ustawa Ukrainy \u201eO ochronie danych osobowych\u201d, a mianowicie:<\/span><\/p>\n<p><span style=\"font-weight: 400;\">1) wiedzie\u0107 o \u017ar\u00f3d\u0142ach gromadzenia, lokalizacji swoich danych osobowych, celu ich przetwarzania, miejscu lub miejscu zamieszkania (pobytu) w\u0142a\u015bciciela lub zarz\u0105dcy danych osobowych lub udzieli\u0107 stosownego upowa\u017cnienia do uzyskania tych informacji osoby przez niego upowa\u017cnione, z wyj\u0105tkiem przypadk\u00f3w przewidzianych prawem;<\/span><\/p>\n<p><span style=\"font-weight: 400;\">2) otrzymywania informacji o warunkach udost\u0119pniania danych osobowych, w szczeg\u00f3lno\u015bci informacji o podmiotach trzecich, kt\u00f3rym przekazywane s\u0105 dane osobowe;<\/span><\/p>\n<p><span style=\"font-weight: 400;\">3) dost\u0119pu do swoich danych osobowych;<\/span><\/p>\n<p><span style=\"font-weight: 400;\">4) otrzymania nie p\u00f3\u017aniej ni\u017c trzydzie\u015bci dni kalendarzowych od dnia otrzymania \u017c\u0105dania, z wyj\u0105tkiem przypadk\u00f3w przewidzianych przepisami prawa, odpowiedzi, czy dane osobowe s\u0105 przetwarzane, a tak\u017ce do otrzymania tre\u015bci tych danych osobowych;<\/span><\/p>\n<p><span style=\"font-weight: 400;\">5) zg\u0142osi\u0107 uzasadnione \u017c\u0105danie do w\u0142a\u015bciciela danych osobowych ze sprzeciwem wobec przetwarzania jego danych osobowych;<\/span><\/p>\n<p><span style=\"font-weight: 400;\">6) z\u0142o\u017cy\u0107 uzasadnione \u017c\u0105danie zmiany lub zniszczenia Swoich danych osobowych przez dowolnego w\u0142a\u015bciciela i administratora danych osobowych, je\u017celi dane te s\u0105 przetwarzane niezgodnie z prawem lub s\u0105 niewiarygodne;<\/span><\/p>\n<p><span style=\"font-weight: 400;\">7) w celu ochrony Twoich danych osobowych przed bezprawnym przetwarzaniem oraz przypadkow\u0105 utrat\u0105, zniszczeniem, uszkodzeniem w wyniku celowego zatajenia, niedostarczenia lub nieterminowego udost\u0119pnienia, a tak\u017ce przed podaniem informacji nierzetelnych lub godz\u0105cych w honor, godno\u015b\u0107 i reputacj\u0119 biznesow\u0105 osoby fizycznej ;<\/span><\/p>\n<p><span style=\"font-weight: 400;\">8) zwracanie si\u0119 do Rzecznika Rady Najwy\u017cszej Ukrainy ds. praw cz\u0142owieka lub do s\u0105du ze skargami na przetwarzanie ich danych osobowych;<\/span><\/p>\n<p><span style=\"font-weight: 400;\">9) zastosowa\u0107 \u015brodki ochrony prawnej w przypadku naruszenia przepis\u00f3w o ochronie danych osobowych;<\/span><\/p>\n<p><span style=\"font-weight: 400;\">10) wnie\u015b\u0107 zastrze\u017cenia dotycz\u0105ce ograniczenia prawa do przetwarzania Twoich danych osobowych przy wyra\u017caniu zgody;<\/span><\/p>\n<p><span style=\"font-weight: 400;\">11) wycofa\u0107 zgod\u0119 na przetwarzanie danych osobowych;<\/span><\/p>\n<p><span style=\"font-weight: 400;\">12) zna\u0107 mechanizm automatycznego przetwarzania danych osobowych;<\/span><\/p>\n<p><span style=\"font-weight: 400;\">13) w celu ochrony przed zautomatyzowan\u0105 decyzj\u0105, kt\u00f3ra ma skutki prawne.<\/span><\/p>\n<p>&nbsp;<\/p>\n<p><span style=\"font-weight: 400;\">Aby zaktualizowa\u0107, uzyska\u0107 dost\u0119p, zmieni\u0107, zablokowa\u0107 lub usun\u0105\u0107 swoje dane osobowe, cofn\u0105\u0107 zgod\u0119 na przetwarzanie danych osobowych przekazanych przez Ciebie Firmie zgodnie z niniejsz\u0105 Polityk\u0105 lub w przypadku jakichkolwiek uwag, \u017cycze\u0144 lub roszcze\u0144 dotycz\u0105cych Twoich danych osobowych, kt\u00f3re przetwarzane przez Firm\u0119, prosimy o kontakt z Firm\u0105 pod adresem hi@ohueno.com.<\/span><\/p>\n","protected":false},"excerpt":{"rendered":"<p>Postanowienia og\u00f3lne Zarz\u0105dzanie danymi https:\/\/ohueno-official.com\/ (zwane dalej \u201eStron\u0105\u201d) jest prowadzone przez osob\u0119 fizyczn\u0105 &#8211; przedsi\u0119biorc\u0119 Bezhan Iurii syn Iuriia (NIP 3058514899), kt\u00f3ry jest zarejestrowany i wa\u017cny zgodnie z wymogami ustawodawstwa Ukrainy (zwana dalej \u201eFirma\u201d). Firma traktuje z wielkim szacunkiem informacje poufne (osobowe) wszystkich os\u00f3b bez wyj\u0105tku, kt\u00f3re odwiedzi\u0142y Stron\u0119, a tak\u017ce korzystaj\u0105cych z us\u0142ug \u015bwiadczonych [&hellip;]<\/p>\n","protected":false},"author":1,"featured_media":0,"parent":0,"menu_order":0,"comment_status":"closed","ping_status":"open","template":"","meta":{"_acf_changed":false,"inline_featured_image":false,"footnotes":""},"class_list":["post-24058","page","type-page","status-publish","hentry"],"acf":[],"_links":{"self":[{"href":"https:\/\/ohueno-official.com\/pl\/wp-json\/wp\/v2\/pages\/24058","targetHints":{"allow":["GET"]}}],"collection":[{"href":"https:\/\/ohueno-official.com\/pl\/wp-json\/wp\/v2\/pages"}],"about":[{"href":"https:\/\/ohueno-official.com\/pl\/wp-json\/wp\/v2\/types\/page"}],"author":[{"embeddable":true,"href":"https:\/\/ohueno-official.com\/pl\/wp-json\/wp\/v2\/users\/1"}],"replies":[{"embeddable":true,"href":"https:\/\/ohueno-official.com\/pl\/wp-json\/wp\/v2\/comments?post=24058"}],"version-history":[{"count":0,"href":"https:\/\/ohueno-official.com\/pl\/wp-json\/wp\/v2\/pages\/24058\/revisions"}],"wp:attachment":[{"href":"https:\/\/ohueno-official.com\/pl\/wp-json\/wp\/v2\/media?parent=24058"}],"curies":[{"name":"wp","href":"https:\/\/api.w.org\/{rel}","templated":true}]}}