{"id":24061,"date":"2022-08-03T16:57:51","date_gmt":"2022-08-03T14:57:51","guid":{"rendered":"https:\/\/ohueno-official.com\/pravyla-ta-umovy\/"},"modified":"2022-08-03T16:57:51","modified_gmt":"2022-08-03T14:57:51","slug":"pravyla-ta-umovy","status":"publish","type":"page","link":"https:\/\/ohueno-official.com\/pl\/pravyla-ta-umovy\/","title":{"rendered":"Zasady i warunki"},"content":{"rendered":"<p>&nbsp;<\/p>\n<ol>\n<li><b> Poj\u0119cia podstawowe<\/b><\/li>\n<\/ol>\n<p><span style=\"font-weight: 400;\">U\u017cytkownikiem jest osoba fizyczna, odwiedzaj\u0105ca stron\u0119 https:\/\/ohueno-official.com\/, kt\u00f3ra akceptuje warunki umowy i chce z\u0142o\u017cy\u0107 zam\u00f3wienie na stronie https:\/\/ohueno-official.com\/.<\/span><\/p>\n<p><span style=\"font-weight: 400;\">Kupuj\u0105cym jest u\u017cytkownik, kt\u00f3ry z\u0142o\u017cy\u0142 zam\u00f3wienie na stronie https:\/\/ohueno-official.com\/ w celu zakupu towar\u00f3w zamieszczonych na stronie https:\/\/ohueno-official.com\/.<\/span><\/p>\n<p><span style=\"font-weight: 400;\">Sprzedawc\u0105 jest fizyczna osoba &#8211; przedsi\u0119biorca<\/span><\/p>\n<p><span style=\"font-weight: 400;\">Bezhan Iurii syn Iuriia<\/span><\/p>\n<p><span style=\"font-weight: 400;\">NIP 3058514899<\/span><\/p>\n<p><span style=\"font-weight: 400;\">Data i numer wpisu do Jednolitego Pa\u0144stwowego Rejestru Os\u00f3b Prawnych i Os\u00f3b Fizycznych &#8211; Przedsi\u0119biorc\u00f3w dot. dokonania rejestracji pa\u0144stwowej: 30.10.2006, 2 103 000 0000 027663.<\/span><\/p>\n<p><span style=\"font-weight: 400;\">Kod pocztowy 61001<\/span><\/p>\n<p><span style=\"font-weight: 400;\">Obw\u00f3d Charkowski, miasto Chark\u00f3w, zau\u0142ek Aptekarski 9A, biuro 37.\u00a0<\/span><\/p>\n<p><span style=\"font-weight: 400;\">Konto bankowe: 26005052312328 (UA603515330000026005052312328)<\/span><\/p>\n<p><span style=\"font-weight: 400;\">Charkowski GRU KB \u00abPrivatBank\u00bb<\/span><\/p>\n<p><span style=\"font-weight: 400;\">Kod Banku (MFO): 351533<\/span><\/p>\n<p><span style=\"font-weight: 400;\">Sprzedawca nie jest p\u0142atnikiem VATu w Ukrainie.<\/span><\/p>\n<p><span style=\"font-weight: 400;\">Towar sprzedawany jest z magazynu Sprzedawcy w Charkowie, Kijowie, Odessie.<\/span><\/p>\n<p><span style=\"font-weight: 400;\">Strona internetowa &#8211; https:\/\/ohueno-official.com\/.<\/span><\/p>\n<p><span style=\"font-weight: 400;\">Towarem jest odzie\u017c, dodatki i inne towary oferowane do sprzeda\u017cy na Stronie internetowej Sprzedawcy.<\/span><\/p>\n<p><span style=\"font-weight: 400;\">Zam\u00f3wieniem jest z\u0142o\u017cone przez Kupuj\u0105cego za po\u015brednictwem koszyka zam\u00f3wienie na zakup i dostaw\u0119 na wskazany przez kupuj\u0105cego adres towaru wybranego na stronie https:\/\/ohueno-official.com\/.<\/span><\/p>\n<p>&nbsp;<\/p>\n<ol start=\"2\">\n<li><b> Przedmiot umowy<\/b><\/li>\n<\/ol>\n<p><span style=\"font-weight: 400;\">2.1. Sprzedawca realizuje sprzeda\u017c towar\u00f3w za po\u015brednictwem sklepu internetowego pod adresem https:\/\/ohueno-official.com\/.<\/span><\/p>\n<p><span style=\"font-weight: 400;\">2.2. Zamawiaj\u0105c towary za po\u015brednictwem strony, u\u017cytkownik wyra\u017ca zgod\u0119 na warunki sprzeda\u017cy towar\u00f3w wymienione poni\u017cej. W przypadku braku porozumienia U\u017cytkownik musi zaprzesta\u0107 korzystania z us\u0142ugi i opu\u015bci\u0107\u00a0 stron\u0119 https:\/\/ohueno.com.<\/span><\/p>\n<p><span style=\"font-weight: 400;\">2.3. Niniejsze warunki sprzeda\u017cy towar\u00f3w, a tak\u017ce informacje o towarach prezentowanych na stronie, stanowi\u0105 ofert\u0119 publiczn\u0105 zgodnie z art. 633 Kodeksu Cywilnego Ukrainy.<\/span><\/p>\n<p><span style=\"font-weight: 400;\">2.4. Warunki te mog\u0105 zosta\u0107 zmienione przez Sprzedawc\u0119 jednostronnie bez powiadomienia U\u017cytkownika\/Kupuj\u0105cego. Nowa wersja Warunk\u00f3w wchodzi w \u017cycie z chwil\u0105 jej opublikowania na stronie internetowej, chyba \u017ce postanowiono inaczej.<\/span><\/p>\n<p><span style=\"font-weight: 400;\">2.5. Akceptacja tej Oferty wchodzi w \u017cycie, gdy sprzedawca prze\u015ble kupuj\u0105cemu elektroniczne potwierdzenie przyj\u0119cia zam\u00f3wienia, gdy kupuj\u0105cy z\u0142o\u017cy zam\u00f3wienie na stronie https:\/\/ohueno-official.com\/.<\/span><\/p>\n<p><span style=\"font-weight: 400;\">2.6. Umowa kupna-sprzeda\u017cy towaru uwa\u017ca si\u0119 za zawart\u0105 z chwil\u0105 wystawienia kupuj\u0105cemu przez sprzedawc\u0119 paragonu fiskalnego potwierdzaj\u0105cego zap\u0142at\u0119 towaru.<\/span><\/p>\n<p><span style=\"font-weight: 400;\">2.7. Powiadamiaj\u0105c sprzedawc\u0119 o swoim e-mailu, numerze telefonu i adresie dostawy, kupuj\u0105cy wyra\u017ca zgod\u0119 na korzystanie z okre\u015blonych \u015brodk\u00f3w komunikacji przez sprzedawc\u0119, a tak\u017ce przez osoby trzecie zaanga\u017cowane przez niego w celu wype\u0142nienia zobowi\u0105za\u0144 wobec kupuj\u0105cego, w celu wysy\u0142ania mailing\u00f3w promocyjnych i informacyjnych, kt\u00f3re zawieraj\u0105 informacje o rabatach, przysz\u0142ych i aktualnych promocjach oraz innych dzia\u0142aniach sprzedawcy, o przekazaniu zam\u00f3wienia do dostawy, a tak\u017ce inne informacje zwi\u0105zane bezpo\u015brednio z pe\u0142nieniem zobowi\u0105za\u0144 przez kupuj\u0105cego w ramach niniejszej oferty publicznej.<\/span><\/p>\n<p>&nbsp;<\/p>\n<ol start=\"3\">\n<li><b> Towar i kolejno\u015b\u0107 zakupu<\/b><\/li>\n<\/ol>\n<p><span style=\"font-weight: 400;\">3.1. Sprzedawca zapewnia mo\u017cliwo\u015b\u0107 dostarczenia towaru prezentowanego na stronie. Zdj\u0119cia do\u0142\u0105czone do towaru s\u0105 prostymi ilustracjami i mog\u0105 odbiega\u0107 od rzeczywistego wygl\u0105du towaru. Za\u0142\u0105czony opis\/charakterystyki nie s\u0105 wyczerpuj\u0105ce i mog\u0105 zawiera\u0107 b\u0142\u0119dy typograficzne. W celu wyja\u015bnienia informacji o towarze kupuj\u0105cy mo\u017ce zg\u0142osi\u0107 si\u0119 e-mailem, pisz\u0105c list na adres hi@ohueno.com.<\/span><\/p>\n<p><span style=\"font-weight: 400;\">3.2. W przypadku, gdy towar zam\u00f3wiony przez kupuj\u0105cego nie jest dost\u0119pny w magazynach sprzedawcy, ma on prawo wykluczy\u0107 okre\u015blony towar z zam\u00f3wienia lub je anulowa\u0107, powiadamiaj\u0105c o tym kupuj\u0105cego wysy\u0142aj\u0105c stosown\u0105 wiadomo\u015b\u0107 elektroniczn\u0105 lub dzwoni\u0105c pod numer telefonu wskazany przez kupuj\u0105cego.<\/span><\/p>\n<p><span style=\"font-weight: 400;\">3.3. Kupuj\u0105cy ponosi pe\u0142n\u0105 odpowiedzialno\u015b\u0107 za podanie b\u0142\u0119dnych informacji, kt\u00f3re uniemo\u017cliwi\u0142y sprzedawcy nale\u017cyte wywi\u0105zanie si\u0119 ze swoich zobowi\u0105za\u0144 wobec kupuj\u0105cego.<\/span><\/p>\n<p><span style=\"font-weight: 400;\">3.4. Po z\u0142o\u017ceniu zam\u00f3wienia na stronie https:\/\/ohueno-official.com\/, Kupuj\u0105cy otrzymuje informacj\u0119 o przewidywanym terminie dostawy poprzez wys\u0142anie wiadomo\u015bci elektronicznej na adres e-mail lub SMS, telefonu pod numer telefonu wskazany przez kupuj\u0105cego. Mened\u017cer obs\u0142uguj\u0105cy to zam\u00f3wienie doprecyzowuje szczeg\u00f3\u0142y zam\u00f3wienia, uzgadnia termin dostawy, kt\u00f3ry jest uzale\u017cniony od dost\u0119pno\u015bci zam\u00f3wionego towaru w magazynie sprzedawcy oraz czasu potrzebnego na opracowanie i dostarczenie zam\u00f3wienia.<\/span><\/p>\n<p><span style=\"font-weight: 400;\">3.5. Przewidywany termin przekazania zam\u00f3wienia do firmy kurierskiej jest zg\u0142aszany kupuj\u0105cemu przez mened\u017cera obs\u0142uguj\u0105cego zam\u00f3wienie e-mailem lub podczas kontrolnej rozmowy z kupuj\u0105cym.<\/span><\/p>\n<p><span style=\"font-weight: 400;\">3.6. Termin dostawy towaru mo\u017ce zosta\u0107 zmieniony przez sprzedawc\u0119 jednostronnie z obiektywnych w opinii sprzedawcy przyczyn.<\/span><\/p>\n<p>&nbsp;<\/p>\n<ol start=\"4\">\n<li><b> Dostawa zam\u00f3wienia<\/b><\/li>\n<\/ol>\n<p><span style=\"font-weight: 400;\">4.1. Towar jest dostarczany przez operatora pocztowego w formie przesy\u0142ki pocztowej z p\u0142atno\u015bci\u0105 na stronie p\u0142atno\u015bci serwisu za pomoc\u0105 karty bankowej.<\/span><\/p>\n<p><span style=\"font-weight: 400;\">Sposoby dostawy: wysy\u0142ka przez firm\u0119 \u00abNowa Poszta\u00bb po Ukrainie lub firm\u0119 UkrPoszta dla dostaw po ca\u0142ym \u015bwiecie. Szczeg\u00f3\u0142owe terminy dostawy mog\u0105 by\u0107 uzgodnione przez kupuj\u0105cego z mened\u017cerem podczas potwierdzania Zam\u00f3wienia.<\/span><\/p>\n<p><span style=\"font-weight: 400;\">4.2. Op\u00f3\u017anienia w dostawie s\u0105 mo\u017cliwe z powodu nieprzewidzianych okoliczno\u015bci, kt\u00f3re wyst\u0105pi\u0142y nie z winy Sprzedawcy.<\/span><\/p>\n<p><span style=\"font-weight: 400;\">4.3. Ryzyko przypadkowej \u015bmierci lub przypadkowego uszkodzenia towaru przechodzi na kupuj\u0105cego z chwil\u0105 przekazania mu zam\u00f3wienia i podpisania przez odbiorc\u0119 zam\u00f3wienia dokument\u00f3w potwierdzaj\u0105cych dostarczenie zam\u00f3wienia.<\/span><\/p>\n<p><span style=\"font-weight: 400;\">4.4. Koszt wysy\u0142ki ka\u017cdego zam\u00f3wienia pokrywa kupuj\u0105cy.<\/span><\/p>\n<p><span style=\"font-weight: 400;\">4.5. Zobowi\u0105zanie sprzedawcy do dostarczenia towaru kupuj\u0105cemu uwa\u017ca si\u0119 za spe\u0142nione z chwil\u0105 odebrania przesy\u0142ki przez kupuj\u0105cego, moment ten okre\u015bla si\u0119 zgodnie z obowi\u0105zuj\u0105cymi zasadami komunikacji pocztowej.<\/span><\/p>\n<p><span style=\"font-weight: 400;\">4.6. Kupuj\u0105cy przy odbiorze zam\u00f3wienia jest zobowi\u0105zany do sprawdzenia dostarczonego towaru i sprawdzenia go pod k\u0105tem zgodno\u015bci z deklarowan\u0105 jako\u015bci\u0105, asortymentem i kompletno\u015bci\u0105 produktu, a tak\u017ce sprawdzenia terminu s\u0142u\u017cby dostarczonego produktu i ca\u0142o\u015bciowo\u015b\u0107 opakowania.\u00a0<\/span><\/p>\n<p><span style=\"font-weight: 400;\">4.7. Mo\u017cna wyja\u015bni\u0107 dat\u0119, godzin\u0119 i, je\u015bli to konieczne, tras\u0119 dostawy od mened\u017cera, kt\u00f3ry kontaktuje si\u0119 z kupuj\u0105cym w celu potwierdzenia Zam\u00f3wienia.<\/span><\/p>\n<p><span style=\"font-weight: 400;\">4.8. U\u017cytkownik rozumie i zgadza si\u0119, \u017ce: dostawa jest odr\u0119bn\u0105 us\u0142ug\u0105 nieb\u0119d\u0105c\u0105 integraln\u0105 cz\u0119\u015bci\u0105 towaru, kt\u00f3rej wykonanie ko\u0144czy si\u0119 z chwil\u0105 odebrania towaru przez odbiorc\u0119 i dokonania za niego zap\u0142aty. Roszczenia dotycz\u0105ce jako\u015bci zakupionego towaru, kt\u00f3re powsta\u0142y po otrzymaniu i op\u0142aceniu produktu, s\u0105 rozpatrywane zgodnie z Ustaw\u0105 Ukrainy \u201eO ochronie praw konsument\u00f3w\u201d i zobowi\u0105zaniami gwarancyjnymi sprzedawcy. W tym zakresie zakup towaru z dostaw\u0105 nie daje kupuj\u0105cemu prawa \u017c\u0105dania dostarczenia zakupionego towaru w celu wykonania serwisu gwarancyjnego lub wymiany, nie daje mo\u017cliwo\u015bci wykonania serwisu gwarancyjnego lub wymiany towaru przez odwiedzenie kupuj\u0105cego i nie oznacza mo\u017cliwo\u015bci zwrotu koszt\u00f3w dostawy towaru w przypadkach, gdy kupuj\u0105cy ma prawo do zwrotu pieni\u0119dzy za towar jako taki, zgodnie z Ustaw\u0105 Ukrainy \u201eO ochronie praw konsumenta\u201d.<\/span><\/p>\n<p><span style=\"font-weight: 400;\">4.9. Wszystkie towary zakupione przez kupuj\u0105cego na stronie i wys\u0142ane poza Ukrain\u0119 mog\u0105 podlega\u0107 podatkom importowym, c\u0142om, VAT i mie\u0107 ograniczenia w imporcie do kraju odbiorcy okre\u015blonego przez kupuj\u0105cego, za kt\u00f3rych zap\u0142ata stanowi osobist\u0105 odpowiedzialno\u015b\u0107 kupuj\u0105cego i ich wysoko\u015b\u0107 nie mo\u017ce by\u0107 w ca\u0142o\u015bci lub w cz\u0119\u015bci zrekompensowana przez sprzedawc\u0119 lub obliczone z g\u00f3ry na stronie https:\/\/ohueno-official.com\/.<\/span><\/p>\n<p>&nbsp;<\/p>\n<ol start=\"5\">\n<li><b> P\u0142atno\u015b\u0107 towar\u00f3w<\/b><\/li>\n<\/ol>\n<p><span style=\"font-weight: 400;\">5.1. Cena Towaru podana jest w hrywnach lub przeliczona na r\u00f3wnowarto\u015b\u0107 dolara ameryka\u0144skiego po kursie ustalonym przez sprzedawc\u0119 i nie zawiera podatku VAT.<\/span><\/p>\n<p><span style=\"font-weight: 400;\">5.2. Kwota zam\u00f3wienia sk\u0142ada si\u0119 z kwoty zam\u00f3wionych towaru.<\/span><\/p>\n<p><span style=\"font-weight: 400;\">5.3. Cena produktu podana jest na stronie https:\/\/ohueno-official.com\/. W przypadku b\u0142\u0119dnego wskazania ceny zam\u00f3wionego przez kupuj\u0105cego towaru, sprzedawca informuje o tym kupuj\u0105cego w celu potwierdzenia zam\u00f3wienia w skorygowanej cenie lub anulowania zam\u00f3wienia. W przypadku braku mo\u017cliwo\u015bci skontaktowania si\u0119 z kupuj\u0105cym zam\u00f3wienie uwa\u017ca si\u0119 za anulowane.<\/span><\/p>\n<p><span style=\"font-weight: 400;\">5.4. Sprzedaj\u0105ca mo\u017ce jednostronnie zmieni\u0107 cen\u0119 towaru. Jednocze\u015bnie cena zam\u00f3wionego przez kupuj\u0105cego towaru nie mo\u017ce ulec zmianie.<\/span><\/p>\n<p><span style=\"font-weight: 400;\">5.5. P\u0142atno\u015b\u0107 za towar dokonywana jest:<\/span><\/p>\n<p><span style=\"font-weight: 400;\">W przypadku z\u0142o\u017cenia zam\u00f3wienia i jego p\u00f3\u017aniejszej wysy\u0142ki na terytorium Ukrainy \u2013 w hrywnach drog\u0105 bezgot\u00f3wkow\u0105 przed wys\u0142aniem Zam\u00f3wienia w kwocie odpowiadaj\u0105cej kwocie zam\u00f3wienia, w hrywnach kartami p\u0142atniczymi Visa i MasterCard przed wys\u0142aniem zam\u00f3wienie w kwocie odpowiadaj\u0105cej kwocie zam\u00f3wienia.<\/span><\/p>\n<p><span style=\"font-weight: 400;\">5.6. Sprzedawca ma prawo do udzielania rabat\u00f3w na towary i ustanowienia programu bonusowego. Rodzaje rabat\u00f3w, bonus\u00f3w, kolejno\u015b\u0107 i warunki kalkulacji s\u0105 wskazane na stronie internetowej i mog\u0105 by\u0107 jednostronnie zmieniane przez Sprzedawc\u0119.<\/span><\/p>\n","protected":false},"excerpt":{"rendered":"<p>&nbsp; Poj\u0119cia podstawowe U\u017cytkownikiem jest osoba fizyczna, odwiedzaj\u0105ca stron\u0119 https:\/\/ohueno-official.com\/, kt\u00f3ra akceptuje warunki umowy i chce z\u0142o\u017cy\u0107 zam\u00f3wienie na stronie https:\/\/ohueno-official.com\/. Kupuj\u0105cym jest u\u017cytkownik, kt\u00f3ry z\u0142o\u017cy\u0142 zam\u00f3wienie na stronie https:\/\/ohueno-official.com\/ w celu zakupu towar\u00f3w zamieszczonych na stronie https:\/\/ohueno-official.com\/. Sprzedawc\u0105 jest fizyczna osoba &#8211; przedsi\u0119biorca Bezhan Iurii syn Iuriia NIP 3058514899 Data i numer wpisu do [&hellip;]<\/p>\n","protected":false},"author":1,"featured_media":0,"parent":0,"menu_order":0,"comment_status":"closed","ping_status":"closed","template":"","meta":{"_acf_changed":false,"inline_featured_image":false,"footnotes":""},"class_list":["post-24061","page","type-page","status-publish","hentry"],"acf":[],"_links":{"self":[{"href":"https:\/\/ohueno-official.com\/pl\/wp-json\/wp\/v2\/pages\/24061","targetHints":{"allow":["GET"]}}],"collection":[{"href":"https:\/\/ohueno-official.com\/pl\/wp-json\/wp\/v2\/pages"}],"about":[{"href":"https:\/\/ohueno-official.com\/pl\/wp-json\/wp\/v2\/types\/page"}],"author":[{"embeddable":true,"href":"https:\/\/ohueno-official.com\/pl\/wp-json\/wp\/v2\/users\/1"}],"replies":[{"embeddable":true,"href":"https:\/\/ohueno-official.com\/pl\/wp-json\/wp\/v2\/comments?post=24061"}],"version-history":[{"count":0,"href":"https:\/\/ohueno-official.com\/pl\/wp-json\/wp\/v2\/pages\/24061\/revisions"}],"wp:attachment":[{"href":"https:\/\/ohueno-official.com\/pl\/wp-json\/wp\/v2\/media?parent=24061"}],"curies":[{"name":"wp","href":"https:\/\/api.w.org\/{rel}","templated":true}]}}