{"id":31032,"date":"2021-11-05T17:03:00","date_gmt":"2021-11-05T14:03:00","guid":{"rendered":"https:\/\/ohueno-official.com\/o-nas\/"},"modified":"2022-08-29T17:20:14","modified_gmt":"2022-08-29T14:20:14","slug":"o-nas","status":"publish","type":"page","link":"https:\/\/ohueno-official.com\/pl\/o-nas\/","title":{"rendered":"O nas"},"content":{"rendered":"<p><span style=\"font-weight: 400;\">Ukrai\u0144ska marka odzie\u017cowa OHUENO to popularny znak towarowy, kt\u00f3ry ma swij\u0105 filozofi\u0119: \u201eNie sprzedajemy ubra\u0144, dajemy proste emocje\u201d<\/span><\/p>\n<p>&nbsp;<\/p>\n<p><span style=\"font-weight: 400;\">Rozpocz\u0119li swoje \u017cycie na \u201eKura\u017c Bazarze\u201d w Kijowie pod koniec 2016 roku. Jest zarejestrowanym znakiem towarowym od 2019 roku. Posiadamy 3 sklepy stacjonarne: w Kijowie, Charkowie, Odesie.<\/span><\/p>\n<p>&nbsp;<\/p>\n<p><span style=\"font-weight: 400;\">Ca\u0142a produkcja i siedziba naszej firmy znajduj\u0105 si\u0119 w Charkowie.<\/span><\/p>\n<p>&nbsp;<\/p>\n<p><span style=\"font-weight: 400;\">Nie lubimy bana\u0142u, dlatego nieustannie eksperymentujemy i tworzymy unikalne produkty, na kt\u00f3re niewiele os\u00f3b na Ukrainie mo\u017ce sobie pozwoli\u0107. Jedn\u0105 z g\u0142\u00f3wnych cech jest to, \u017ce 90% naszych ubra\u0144 to ubrania unisex.<\/span><\/p>\n<p>&nbsp;<\/p>\n<p><span style=\"font-weight: 400;\">Nie ma dla nas ram, nie licz\u0105c Prawa Ukrainy.<\/span><\/p>\n<p><span style=\"font-weight: 400;\">Witaj w naszej rodzinie!<\/span><\/p>\n<p><span style=\"font-weight: 400;\">Wszystko b\u0119dzie OHUENO!<\/span><\/p>\n<p>&nbsp;<\/p>\n<p>&nbsp;<\/p>\n","protected":false},"excerpt":{"rendered":"<p>Ukrai\u0144ska marka odzie\u017cowa OHUENO to popularny znak towarowy, kt\u00f3ry ma swij\u0105 filozofi\u0119: \u201eNie sprzedajemy ubra\u0144, dajemy proste emocje\u201d &nbsp; Rozpocz\u0119li swoje \u017cycie na \u201eKura\u017c Bazarze\u201d w Kijowie pod koniec 2016 roku. Jest zarejestrowanym znakiem towarowym od 2019 roku. Posiadamy 3 sklepy stacjonarne: w Kijowie, Charkowie, Odesie. &nbsp; Ca\u0142a produkcja i siedziba naszej firmy znajduj\u0105 si\u0119 [&hellip;]<\/p>\n","protected":false},"author":1,"featured_media":0,"parent":0,"menu_order":0,"comment_status":"closed","ping_status":"closed","template":"","meta":{"_acf_changed":false,"inline_featured_image":false,"footnotes":""},"class_list":["post-31032","page","type-page","status-publish","hentry"],"acf":[],"_links":{"self":[{"href":"https:\/\/ohueno-official.com\/pl\/wp-json\/wp\/v2\/pages\/31032","targetHints":{"allow":["GET"]}}],"collection":[{"href":"https:\/\/ohueno-official.com\/pl\/wp-json\/wp\/v2\/pages"}],"about":[{"href":"https:\/\/ohueno-official.com\/pl\/wp-json\/wp\/v2\/types\/page"}],"author":[{"embeddable":true,"href":"https:\/\/ohueno-official.com\/pl\/wp-json\/wp\/v2\/users\/1"}],"replies":[{"embeddable":true,"href":"https:\/\/ohueno-official.com\/pl\/wp-json\/wp\/v2\/comments?post=31032"}],"version-history":[{"count":1,"href":"https:\/\/ohueno-official.com\/pl\/wp-json\/wp\/v2\/pages\/31032\/revisions"}],"predecessor-version":[{"id":31034,"href":"https:\/\/ohueno-official.com\/pl\/wp-json\/wp\/v2\/pages\/31032\/revisions\/31034"}],"wp:attachment":[{"href":"https:\/\/ohueno-official.com\/pl\/wp-json\/wp\/v2\/media?parent=31032"}],"curies":[{"name":"wp","href":"https:\/\/api.w.org\/{rel}","templated":true}]}}